{"id":24,"date":"2024-06-19T18:23:31","date_gmt":"2024-06-19T16:23:31","guid":{"rendered":"https:\/\/bonfrate.net\/?page_id=24"},"modified":"2024-06-19T18:24:36","modified_gmt":"2024-06-19T16:24:36","slug":"chi-sono","status":"publish","type":"page","link":"https:\/\/bonfrate.net\/?page_id=24","title":{"rendered":"Chi Sono"},"content":{"rendered":"\n<p>Ciao,<br>mi presento, mi chiamo Simone Bonfrate ed oggi leggerete tra queste righe chi sono realmente.<br>Cominciamo dal mio aspetto fisico. Non Ho i capelli e questo si nota subito, i miei occhi sono color marrone e sinceramente stanno bene con la mia carnagione n\u00e9 troppo chiara n\u00e9 troppo scura. Sono alto 1 metro e 90, questo non mi ha certo aiutato da ragazzino, ed anche un po\u2019 sovrappeso.<br>Ora basta parlare del mio fisico, ora parlo di ci\u00f2 che \u00e8 dentro di me, quella parte che non tutti conoscono, la parte che molto spesso nascondo.<br>Sono un uomo emotivo e sensibile. Infatti, mi sono capitati vari momenti in cui avevo paura e scappavo oppure facevo cose di cui ancora adesso sto pagando le conseguenze. Facevo l\u2019errore pi\u00f9 grande che si pu\u00f2 fare\u2026 apparire per nascondere le mie insicurezze.<br>Voi mi direte: \u201cDi che cosa avevi paura\u201d? La paura di non piacere a tutti, la paura di non essere accettato e rimanere solo. E riguardo all\u2019essere sensibile \u2026 provate a dirmi una qualsiasi cosa che potrebbe ferirmi, e sicuramente succeder\u00e0.<br>Sono paziente e le mie ultime esperienze di vita mi hanno aiutato ad esserlo ancora di pi\u00f9.<br>Ho imparato, grazie ad alcune persone che mi hanno seguito nel mio percorso e che mi seguono ancora adesso, a capire ed interpretare i miei sbagli in modo che non li possa commettere mai pi\u00f9.<br>Adesso si \u00e8 aggiunto anche uno splendido team di lavoro, sono stato accolto senza pregiudizi, mi hanno dato tutta la loro disponibilit\u00e0 e trasmesso i loro valori.<br>Non potr\u00f2 mai ringraziare abbastanza tutti voi.<br>Soprattutto non potr\u00f2 mai ringraziare abbastanza mia moglie Laura, che mi sostiene come mai nessuno ha fatto nella mia vita, e le mie splendide figlie, Lucrezia e Camilla, per la forza che mi hanno dato per andare avanti e non mollare.<br><\/p>\n\n\n\n<p>Simone Bonfrate<\/p>\n","protected":false},"excerpt":{"rendered":"<p>Ciao,mi presento, mi chiamo Simone Bonfrate ed oggi leggerete tra queste righe chi sono realmente.Cominciamo dal mio aspetto fisico. Non Ho i capelli e questo si nota subito, i miei occhi sono color marrone e sinceramente stanno bene con la mia carnagione n\u00e9 troppo chiara n\u00e9 troppo scura. Sono alto 1 metro e 90, questo [&hellip;]<\/p>\n","protected":false},"author":1,"featured_media":0,"parent":0,"menu_order":0,"comment_status":"closed","ping_status":"closed","template":"","meta":{"footnotes":""},"class_list":["post-24","page","type-page","status-publish","hentry"],"featured_image_src":false,"featured_image_src_square":false,"rbea_author_info":{"display_name":"bonfrate_i73z8rrt","author_link":"https:\/\/bonfrate.net\/?author=1"},"rbea_excerpt_info":"Ciao,mi presento, mi chiamo Simone Bonfrate ed oggi leggerete tra queste righe chi sono realmente.Cominciamo dal mio aspetto fisico. Non Ho i capelli e questo si nota subito, i miei occhi sono color marrone e sinceramente stanno bene con la mia carnagione n\u00e9 troppo chiara n\u00e9 troppo scura. Sono alto 1 metro e 90, questo [&hellip;]","_links":{"self":[{"href":"https:\/\/bonfrate.net\/index.php?rest_route=\/wp\/v2\/pages\/24","targetHints":{"allow":["GET"]}}],"collection":[{"href":"https:\/\/bonfrate.net\/index.php?rest_route=\/wp\/v2\/pages"}],"about":[{"href":"https:\/\/bonfrate.net\/index.php?rest_route=\/wp\/v2\/types\/page"}],"author":[{"embeddable":true,"href":"https:\/\/bonfrate.net\/index.php?rest_route=\/wp\/v2\/users\/1"}],"replies":[{"embeddable":true,"href":"https:\/\/bonfrate.net\/index.php?rest_route=%2Fwp%2Fv2%2Fcomments&post=24"}],"version-history":[{"count":1,"href":"https:\/\/bonfrate.net\/index.php?rest_route=\/wp\/v2\/pages\/24\/revisions"}],"predecessor-version":[{"id":25,"href":"https:\/\/bonfrate.net\/index.php?rest_route=\/wp\/v2\/pages\/24\/revisions\/25"}],"wp:attachment":[{"href":"https:\/\/bonfrate.net\/index.php?rest_route=%2Fwp%2Fv2%2Fmedia&parent=24"}],"curies":[{"name":"wp","href":"https:\/\/api.w.org\/{rel}","templated":true}]}}